{"id":3896,"date":"2025-09-11T15:37:57","date_gmt":"2025-09-11T13:37:57","guid":{"rendered":"https:\/\/tesztlanding1.bozsekweb.com\/?page_id=3896"},"modified":"2025-09-24T19:55:20","modified_gmt":"2025-09-24T17:55:20","slug":"adatkezelesi-nyilatkozat","status":"publish","type":"page","link":"https:\/\/tesztlanding1.bozsekweb.com\/de\/adatkezelesi-nyilatkozat\/","title":{"rendered":"Erkl\u00e4rung zum Datenschutz"},"content":{"rendered":"<div data-elementor-type=\"wp-page\" data-elementor-id=\"3896\" class=\"elementor elementor-3896\" data-elementor-post-type=\"page\">\n\t\t\t\t<div class=\"elementor-element elementor-element-4817d3ea e-flex e-con-boxed e-con e-parent\" data-id=\"4817d3ea\" data-element_type=\"container\" data-e-type=\"container\" data-settings=\"{&quot;background_background&quot;:&quot;classic&quot;}\">\n\t\t\t\t\t<div class=\"e-con-inner\">\n\t\t\t\t<div class=\"elementor-element elementor-element-d6e1079 elementor-widget-tablet__width-initial elementor-widget elementor-widget-image\" data-id=\"d6e1079\" data-element_type=\"widget\" data-e-type=\"widget\" data-widget_type=\"image.default\">\n\t\t\t\t<div class=\"elementor-widget-container\">\n\t\t\t\t\t\t\t\t\t\t\t\t\t\t\t<img fetchpriority=\"high\" decoding=\"async\" width=\"300\" height=\"300\" src=\"https:\/\/tesztlanding1.bozsekweb.com\/wp-content\/uploads\/2025\/09\/logokep_feketebetus-300x300.png\" class=\"attachment-medium size-medium wp-image-4219\" alt=\"\" srcset=\"https:\/\/tesztlanding1.bozsekweb.com\/wp-content\/uploads\/2025\/09\/logokep_feketebetus-300x300.png 300w, https:\/\/tesztlanding1.bozsekweb.com\/wp-content\/uploads\/2025\/09\/logokep_feketebetus-150x150.png 150w, https:\/\/tesztlanding1.bozsekweb.com\/wp-content\/uploads\/2025\/09\/logokep_feketebetus.png 500w\" sizes=\"(max-width: 300px) 100vw, 300px\" \/>\t\t\t\t\t\t\t\t\t\t\t\t\t\t\t<\/div>\n\t\t\t\t<\/div>\n\t\t\t\t<div class=\"elementor-element elementor-element-d260e3f elementor-widget elementor-widget-heading\" data-id=\"d260e3f\" data-element_type=\"widget\" data-e-type=\"widget\" data-widget_type=\"heading.default\">\n\t\t\t\t<div class=\"elementor-widget-container\">\n\t\t\t\t\t<h2 class=\"elementor-heading-title elementor-size-default\">Erkl\u00e4rung zum Datenschutz<\/h2>\t\t\t\t<\/div>\n\t\t\t\t<\/div>\n\t\t\t\t<div class=\"elementor-element elementor-element-48a5b7d2 elementor-widget elementor-widget-text-editor\" data-id=\"48a5b7d2\" data-element_type=\"widget\" data-e-type=\"widget\" data-widget_type=\"text-editor.default\">\n\t\t\t\t<div class=\"elementor-widget-container\">\n\t\t\t\t\t\t\t\t\t<p><span dir=\"auto\" style=\"vertical-align: inherit;\"><span dir=\"auto\" style=\"vertical-align: inherit;\"><span dir=\"auto\" style=\"vertical-align: inherit;\"><span dir=\"auto\" style=\"vertical-align: inherit;\">Die English Online Language School verpflichtet sich, Ihre Daten zu sch\u00fctzen. Diese Erkl\u00e4rung beschreibt, wie wir Ihre pers\u00f6nlichen Daten sammeln, verarbeiten und sch\u00fctzen.<\/span><\/span><\/span><\/span><\/p><p><span dir=\"auto\" style=\"vertical-align: inherit;\"><span dir=\"auto\" style=\"vertical-align: inherit;\"><span dir=\"auto\" style=\"vertical-align: inherit;\"><span dir=\"auto\" style=\"vertical-align: inherit;\">Datenerhebung: Die von Ihnen angegebenen pers\u00f6nlichen Daten (Name, E-Mail-Adresse) werden erhoben, damit wir das kostenlose Material herunterladen und Ihnen Informationen \u00fcber unsere Schule zusenden k\u00f6nnen.<\/span><\/span><\/span><\/span><\/p><p><span dir=\"auto\" style=\"vertical-align: inherit;\"><span dir=\"auto\" style=\"vertical-align: inherit;\"><span dir=\"auto\" style=\"vertical-align: inherit;\"><span dir=\"auto\" style=\"vertical-align: inherit;\">Datenverwaltung: Ihre Daten werden auf einem sicheren Server gespeichert und nur zur Erbringung der von Ihnen gew\u00fcnschten Dienstleistung verwendet. Wir werden Ihre Daten nicht an Dritte weitergeben, es sei denn, wir sind gesetzlich dazu verpflichtet.<\/span><\/span><\/span><\/span><\/p><p><span dir=\"auto\" style=\"vertical-align: inherit;\"><span dir=\"auto\" style=\"vertical-align: inherit;\"><span dir=\"auto\" style=\"vertical-align: inherit;\"><span dir=\"auto\" style=\"vertical-align: inherit;\">Zugang und \u00c4nderung: Sie k\u00f6nnen jederzeit den Zugang zu Ihren personenbezogenen Daten, deren \u00c4nderung oder L\u00f6schung beantragen und uns auffordern, Ihre Daten nicht f\u00fcr Marketingzwecke zu verwenden.<\/span><\/span><\/span><\/span><\/p><p><span dir=\"auto\" style=\"vertical-align: inherit;\"><span dir=\"auto\" style=\"vertical-align: inherit;\"><span dir=\"auto\" style=\"vertical-align: inherit;\"><span dir=\"auto\" style=\"vertical-align: inherit;\">Sicherheit: Wir setzen geeignete technische und organisatorische Ma\u00dfnahmen ein, um Ihre personenbezogenen Daten vor unberechtigtem Zugriff und Verlust zu sch\u00fctzen.<\/span><\/span><\/span><\/span><\/p><p><span dir=\"auto\" style=\"vertical-align: inherit;\"><span dir=\"auto\" style=\"vertical-align: inherit;\"><span dir=\"auto\" style=\"vertical-align: inherit;\"><span dir=\"auto\" style=\"vertical-align: inherit;\">Cookies: Unsere Website verwendet Cookies, um die Benutzerfreundlichkeit zu verbessern und den effizienten Betrieb der Website zu gew\u00e4hrleisten. Weitere Informationen dar\u00fcber, wie wir Cookies verwenden, finden Sie in unserer Cookie-Richtlinie.\u00a0<\/span><\/span><\/span><\/span><\/p><p><span dir=\"auto\" style=\"vertical-align: inherit;\"><span dir=\"auto\" style=\"vertical-align: inherit;\"><span dir=\"auto\" style=\"vertical-align: inherit;\"><span dir=\"auto\" style=\"vertical-align: inherit;\">Bitte beachten Sie unsere Cookie-Richtlinie.<\/span><\/span><\/span><\/span><\/p><p><span dir=\"auto\" style=\"vertical-align: inherit;\"><span dir=\"auto\" style=\"vertical-align: inherit;\"><span dir=\"auto\" style=\"vertical-align: inherit;\"><span dir=\"auto\" style=\"vertical-align: inherit;\">Wenn Sie Fragen zur Datenverarbeitung haben, wenden Sie sich bitte an die folgende E-Mail-Adresse:\u00a0<\/span><\/span><\/span><\/span><\/p>\t\t\t\t\t\t\t\t<\/div>\n\t\t\t\t<\/div>\n\t\t\t\t<div class=\"elementor-element elementor-element-9ee4bd2 elementor-widget elementor-widget-text-editor\" data-id=\"9ee4bd2\" data-element_type=\"widget\" data-e-type=\"widget\" data-widget_type=\"text-editor.default\">\n\t\t\t\t<div class=\"elementor-widget-container\">\n\t\t\t\t\t\t\t\t\t<p><span dir=\"auto\" style=\"vertical-align: inherit;\">Datenelement@angol<\/span><span dir=\"auto\" style=\"vertical-align: inherit;\">sprachschule.de<\/span><\/p>\t\t\t\t\t\t\t\t<\/div>\n\t\t\t\t<\/div>\n\t\t\t\t\t<\/div>\n\t\t\t\t<\/div>\n\t\t\t\t<\/div>","protected":false},"excerpt":{"rendered":"<p>Adatkezel\u00e9si nyilatkozat Az Angol Online Nyelviskola elk\u00f6telezett az \u00d6n szem\u00e9lyes adatainak v\u00e9delme mellett. Ebben a nyilatkozatban le\u00edrjuk, hogyan gy\u0171jtj\u00fck, kezelj\u00fck [&hellip;]<\/p>\n","protected":false},"author":1,"featured_media":0,"parent":0,"menu_order":0,"comment_status":"closed","ping_status":"closed","template":"elementor_canvas","meta":{"site-sidebar-layout":"default","site-content-layout":"","ast-site-content-layout":"default","site-content-style":"default","site-sidebar-style":"default","ast-global-header-display":"","ast-banner-title-visibility":"","ast-main-header-display":"","ast-hfb-above-header-display":"","ast-hfb-below-header-display":"","ast-hfb-mobile-header-display":"","site-post-title":"","ast-breadcrumbs-content":"","ast-featured-img":"","footer-sml-layout":"","ast-disable-related-posts":"","theme-transparent-header-meta":"default","adv-header-id-meta":"","stick-header-meta":"","header-above-stick-meta":"","header-main-stick-meta":"","header-below-stick-meta":"","astra-migrate-meta-layouts":"set","ast-page-background-enabled":"default","ast-page-background-meta":{"desktop":{"background-color":"var(--ast-global-color-4)","background-image":"","background-repeat":"repeat","background-position":"center center","background-size":"auto","background-attachment":"scroll","background-type":"","background-media":"","overlay-type":"","overlay-color":"","overlay-opacity":"","overlay-gradient":""},"tablet":{"background-color":"","background-image":"","background-repeat":"repeat","background-position":"center center","background-size":"auto","background-attachment":"scroll","background-type":"","background-media":"","overlay-type":"","overlay-color":"","overlay-opacity":"","overlay-gradient":""},"mobile":{"background-color":"","background-image":"","background-repeat":"repeat","background-position":"center center","background-size":"auto","background-attachment":"scroll","background-type":"","background-media":"","overlay-type":"","overlay-color":"","overlay-opacity":"","overlay-gradient":""}},"ast-content-background-meta":{"desktop":{"background-color":"var(--ast-global-color-5)","background-image":"","background-repeat":"repeat","background-position":"center center","background-size":"auto","background-attachment":"scroll","background-type":"","background-media":"","overlay-type":"","overlay-color":"","overlay-opacity":"","overlay-gradient":""},"tablet":{"background-color":"var(--ast-global-color-5)","background-image":"","background-repeat":"repeat","background-position":"center center","background-size":"auto","background-attachment":"scroll","background-type":"","background-media":"","overlay-type":"","overlay-color":"","overlay-opacity":"","overlay-gradient":""},"mobile":{"background-color":"var(--ast-global-color-5)","background-image":"","background-repeat":"repeat","background-position":"center center","background-size":"auto","background-attachment":"scroll","background-type":"","background-media":"","overlay-type":"","overlay-color":"","overlay-opacity":"","overlay-gradient":""}},"footnotes":""},"class_list":["post-3896","page","type-page","status-publish","hentry"],"_links":{"self":[{"href":"https:\/\/tesztlanding1.bozsekweb.com\/de\/wp-json\/wp\/v2\/pages\/3896","targetHints":{"allow":["GET"]}}],"collection":[{"href":"https:\/\/tesztlanding1.bozsekweb.com\/de\/wp-json\/wp\/v2\/pages"}],"about":[{"href":"https:\/\/tesztlanding1.bozsekweb.com\/de\/wp-json\/wp\/v2\/types\/page"}],"author":[{"embeddable":true,"href":"https:\/\/tesztlanding1.bozsekweb.com\/de\/wp-json\/wp\/v2\/users\/1"}],"replies":[{"embeddable":true,"href":"https:\/\/tesztlanding1.bozsekweb.com\/de\/wp-json\/wp\/v2\/comments?post=3896"}],"version-history":[{"count":108,"href":"https:\/\/tesztlanding1.bozsekweb.com\/de\/wp-json\/wp\/v2\/pages\/3896\/revisions"}],"predecessor-version":[{"id":4760,"href":"https:\/\/tesztlanding1.bozsekweb.com\/de\/wp-json\/wp\/v2\/pages\/3896\/revisions\/4760"}],"wp:attachment":[{"href":"https:\/\/tesztlanding1.bozsekweb.com\/de\/wp-json\/wp\/v2\/media?parent=3896"}],"curies":[{"name":"wp","href":"https:\/\/api.w.org\/{rel}","templated":true}]}}